{"id":44,"date":"2019-05-21T16:32:50","date_gmt":"2019-05-21T19:32:50","guid":{"rendered":"http:\/\/www.thaismoveis.com.br\/?page_id=44"},"modified":"2019-08-12T17:08:06","modified_gmt":"2019-08-12T20:08:06","slug":"inicio","status":"publish","type":"page","link":"https:\/\/thaismoveis.com.br\/","title":{"rendered":"In\u00edcio"},"content":{"rendered":"<p>[et_pb_section bb_built=&#8221;1&#8243; fullwidth=&#8221;on&#8221; disabled_on=&#8221;on||&#8221; _builder_version=&#8221;3.19.7&#8243; custom_padding=&#8221;0px|0px|0|0px|false|false&#8221; next_background_color=&#8221;#000000&#8243;][et_pb_fullwidth_slider show_pagination=&#8221;off&#8221; _builder_version=&#8221;3.19.7&#8243; header_level=&#8221;h1&#8243; header_text_align=&#8221;center&#8221; header_font_size=&#8221;60&#8243; custom_padding=&#8221;406px||406px||true&#8221; auto=&#8221;on&#8221; auto_speed=&#8221;3600&#8243; auto_ignore_hover=&#8221;on&#8221;][et_pb_slide heading=&#8221;Conjunto Safira&#8221; button_text=&#8221;Ver mais&#8221; button_link=&#8221;http:\/\/www.thaismoveis.com.br\/index.php\/project\/conjuntosafira\/&#8221; use_bg_overlay=&#8221;on&#8221; bg_overlay_color=&#8221;rgba(0,0,0,0.15)&#8221; use_text_overlay=&#8221;off&#8221; _builder_version=&#8221;3.19.7&#8243; background_image=&#8221;http:\/\/www.thaismoveis.com.br\/wp-content\/uploads\/2019\/05\/thaismoveis_DSC_9208_JuliaoMatos.jpg&#8221; button_on_hover=&#8221;on&#8221; link_option_url=&#8221;http:\/\/www.thaismoveis.com.br\/index.php\/project\/conjuntosafira\/&#8221;][\/et_pb_slide][et_pb_slide heading=&#8221;Cama Solteiro 1093&#8243; button_text=&#8221;Ver mais&#8221; button_link=&#8221;http:\/\/www.thaismoveis.com.br\/index.php\/project\/cama-solteiro-ref-1093\/&#8221; use_bg_overlay=&#8221;on&#8221; bg_overlay_color=&#8221;rgba(0,0,0,0.15)&#8221; use_text_overlay=&#8221;off&#8221; _builder_version=&#8221;3.19.7&#8243; background_image=&#8221;http:\/\/www.thaismoveis.com.br\/wp-content\/uploads\/2019\/05\/thaismoveis_DSC_9370_JuliaoMatos.jpg&#8221; button_on_hover=&#8221;on&#8221; link_option_url=&#8221;http:\/\/www.thaismoveis.com.br\/index.php\/project\/cama-solteiro-ref-1093\/&#8221;][\/et_pb_slide][et_pb_slide heading=&#8221;Conjunto \u00c1rea Sof\u00e1 Tubular 5003&#8243; button_text=&#8221;Ver mais&#8221; button_link=&#8221;http:\/\/www.thaismoveis.com.br\/index.php\/project\/conjunto-area-sofa-tubular-ref-5003\/&#8221; use_bg_overlay=&#8221;on&#8221; bg_overlay_color=&#8221;rgba(0,0,0,0.15)&#8221; use_text_overlay=&#8221;off&#8221; _builder_version=&#8221;3.19.7&#8243; background_image=&#8221;http:\/\/www.thaismoveis.com.br\/wp-content\/uploads\/2019\/05\/thaismoveis_DSC_9331_JuliaoMatos.jpg&#8221; button_on_hover=&#8221;on&#8221; link_option_url=&#8221;http:\/\/www.thaismoveis.com.br\/index.php\/project\/conjunto-area-sofa-tubular-ref-5003\/&#8221;][\/et_pb_slide][\/et_pb_fullwidth_slider][\/et_pb_section][et_pb_section bb_built=&#8221;1&#8243; fullwidth=&#8221;on&#8221; disabled_on=&#8221;off|on|on&#8221; _builder_version=&#8221;3.19.7&#8243; custom_padding=&#8221;0px|0px|0|0px|false|false&#8221; prev_background_color=&#8221;#000000&#8243; next_background_color=&#8221;#312783&#8243;][et_pb_fullwidth_slider show_pagination=&#8221;off&#8221; _builder_version=&#8221;3.19.7&#8243; header_level=&#8221;h1&#8243; header_text_align=&#8221;center&#8221; header_font_size=&#8221;32&#8243; custom_padding=&#8221;40px||40px|&#8221; auto=&#8221;on&#8221; auto_speed=&#8221;3600&#8243; auto_ignore_hover=&#8221;on&#8221;][et_pb_slide heading=&#8221;Conjunto Safira&#8221; button_text=&#8221;Ver mais&#8221; button_link=&#8221;http:\/\/www.thaismoveis.com.br\/index.php\/project\/conjuntosafira\/&#8221; use_bg_overlay=&#8221;on&#8221; bg_overlay_color=&#8221;rgba(0,0,0,0.15)&#8221; use_text_overlay=&#8221;off&#8221; _builder_version=&#8221;3.19.7&#8243; background_image=&#8221;http:\/\/www.thaismoveis.com.br\/wp-content\/uploads\/2019\/05\/thaismoveis_DSC_9208_JuliaoMatos.jpg&#8221; button_on_hover=&#8221;on&#8221; link_option_url=&#8221;http:\/\/www.thaismoveis.com.br\/index.php\/project\/conjuntosafira\/&#8221;][\/et_pb_slide][et_pb_slide heading=&#8221;Cama Solteiro 1093&#8243; button_text=&#8221;Ver mais&#8221; button_link=&#8221;http:\/\/www.thaismoveis.com.br\/index.php\/project\/cama-solteiro-ref-1093\/&#8221; use_bg_overlay=&#8221;on&#8221; bg_overlay_color=&#8221;rgba(0,0,0,0.15)&#8221; use_text_overlay=&#8221;off&#8221; _builder_version=&#8221;3.19.7&#8243; background_image=&#8221;http:\/\/www.thaismoveis.com.br\/wp-content\/uploads\/2019\/05\/thaismoveis_DSC_9370_JuliaoMatos.jpg&#8221; button_on_hover=&#8221;on&#8221; link_option_url=&#8221;http:\/\/www.thaismoveis.com.br\/index.php\/project\/cama-solteiro-ref-1093\/&#8221;][\/et_pb_slide][et_pb_slide heading=&#8221;Conjunto \u00c1rea Sof\u00e1 Tubular 5003&#8243; button_text=&#8221;Ver mais&#8221; button_link=&#8221;http:\/\/www.thaismoveis.com.br\/index.php\/project\/conjunto-area-sofa-tubular-ref-5003\/&#8221; use_bg_overlay=&#8221;on&#8221; bg_overlay_color=&#8221;rgba(0,0,0,0.15)&#8221; use_text_overlay=&#8221;off&#8221; _builder_version=&#8221;3.19.7&#8243; background_image=&#8221;http:\/\/www.thaismoveis.com.br\/wp-content\/uploads\/2019\/05\/thaismoveis_DSC_9331_JuliaoMatos.jpg&#8221; button_on_hover=&#8221;on&#8221; link_option_url=&#8221;http:\/\/www.thaismoveis.com.br\/index.php\/project\/conjunto-area-sofa-tubular-ref-5003\/&#8221;][\/et_pb_slide][\/et_pb_fullwidth_slider][\/et_pb_section][et_pb_section bb_built=&#8221;1&#8243; admin_label=&#8221;section&#8221; _builder_version=&#8221;3.19.7&#8243; background_color=&#8221;#312783&#8243; background_image=&#8221;http:\/\/www.thaismoveis.com.br\/wp-content\/uploads\/2019\/05\/capa-e1558532988985.png&#8221; prev_background_color=&#8221;#ffffff&#8221; next_background_color=&#8221;#ffffff&#8221;][et_pb_row _builder_version=&#8221;3.0.48&#8243; background_size=&#8221;initial&#8221; background_position=&#8221;top_left&#8221; background_repeat=&#8221;repeat&#8221;][et_pb_column type=&#8221;3_5&#8243;][et_pb_cta title=&#8221;Conforto para todos os ambientes&#8221; button_url=&#8221;http:\/\/www.thaismoveis.com.br\/index.php\/produtos\/&#8221; button_text=&#8221;Ver cat\u00e1logo de produtos&#8221; _builder_version=&#8221;3.19.7&#8243; header_level=&#8221;h1&#8243; header_font=&#8221;Lato||||||||&#8221; header_font_size=&#8221;34&#8243; body_font_size=&#8221;20&#8243; body_line_height=&#8221;1.8em&#8221; use_background_color=&#8221;off&#8221; text_orientation=&#8221;left&#8221;]<\/p>\n<p>Conhe\u00e7a a linha de produtos Thais M\u00f3veis Tubulares e Estofados, design moderno e elegante sem abrir m\u00e3o do conforto que voc\u00ea merece.&nbsp;<\/p>\n<p>[\/et_pb_cta][\/et_pb_column][et_pb_column type=&#8221;2_5&#8243;][et_pb_image _builder_version=&#8221;3.19.7&#8243; \/][\/et_pb_column][\/et_pb_row][\/et_pb_section][et_pb_section bb_built=&#8221;1&#8243; _builder_version=&#8221;3.0.47&#8243; prev_background_color=&#8221;#312783&#8243; next_background_color=&#8221;#000000&#8243;][et_pb_row _builder_version=&#8221;3.0.48&#8243; background_size=&#8221;initial&#8221; background_position=&#8221;top_left&#8221; background_repeat=&#8221;repeat&#8221;][et_pb_column type=&#8221;3_5&#8243;][et_pb_text _builder_version=&#8221;3.19.7&#8243;]<\/p>\n<h4>Como chegar\u00a0<\/h4>\n<p>[\/et_pb_text][et_pb_map address=&#8221;Rua Presidente Rodrigues Alves, 250 &#8211; Arian\u00f3polis (Jurema), Caucaia &#8211; CE, 61600-970, Brasil&#8221; address_lat=&#8221;-3.7673533&#8243; address_lng=&#8221;-38.6462267&#8243; use_grayscale_filter=&#8221;on&#8221; grayscale_filter_amount=&#8221;99&#8243; _builder_version=&#8221;3.19.7&#8243; child_filter_hue_rotate=&#8221;174deg&#8221; child_filter_saturate=&#8221;173%&#8221;][et_pb_map_pin title=&#8221;Thais M\u00f3veis Tubulares e Estofados&#8221; pin_address=&#8221;Rua Presidente Rodrigues Alves, 250 &#8211; Arian\u00f3polis (Jurema), Caucaia &#8211; CE, 61600-970, Brasil&#8221; pin_address_lat=&#8221;-3.7673533&#8243; pin_address_lng=&#8221;-38.6462267&#8243; _builder_version=&#8221;3.19.7&#8243;]<\/p>\n<p>Rua Presidente Rodrigues Alves, 250 &#8211; Arian\u00f3polis (Jurema), Caucaia &#8211; CE, 61600-970<\/p>\n<p>[\/et_pb_map_pin][\/et_pb_map][\/et_pb_column][et_pb_column type=&#8221;2_5&#8243;][et_pb_sidebar orientation=&#8221;right&#8221; area=&#8221;sidebar-7&#8243; show_border=&#8221;off&#8221; _builder_version=&#8221;3.19.7&#8243; link_option_url_new_window=&#8221;on&#8221; \/][\/et_pb_column][\/et_pb_row][\/et_pb_section][et_pb_section bb_built=&#8221;1&#8243; inner_shadow=&#8221;on&#8221; fullwidth=&#8221;on&#8221; _builder_version=&#8221;3.19.7&#8243; prev_background_color=&#8221;#000000&#8243; next_background_color=&#8221;#000000&#8243;][et_pb_fullwidth_slider _builder_version=&#8221;3.19.7&#8243; box_shadow_style=&#8221;preset6&#8243; box_shadow_blur=&#8221;68px&#8221; box_shadow_spread=&#8221;52px&#8221; box_shadow_color=&#8221;rgba(0,33,73,0.63)&#8221; custom_padding=&#8221;100px||100px||true&#8221;][et_pb_slide heading=&#8221;D\u00favidas e informa\u00e7\u00f5es sobre nossos produtos?&#8221; button_text=&#8221;Fale conosco&#8221; button_link=&#8221;http:\/\/www.thaismoveis.com.br\/index.php\/contato\/&#8221; use_bg_overlay=&#8221;off&#8221; use_text_overlay=&#8221;off&#8221; _builder_version=&#8221;3.19.7&#8243; background_image=&#8221;http:\/\/www.thaismoveis.com.br\/wp-content\/uploads\/2019\/05\/capa-hair-blue.jpg&#8221; button_on_hover=&#8221;on&#8221;][\/et_pb_slide][\/et_pb_fullwidth_slider][\/et_pb_section][et_pb_section bb_built=&#8221;1&#8243; _builder_version=&#8221;3.19.7&#8243; custom_padding=&#8221;0px|0px|0|0px|false|false&#8221; custom_margin=&#8221;0px||0px&#8221; prev_background_color=&#8221;#000000&#8243; global_module=&#8221;1452&#8243;][et_pb_row global_parent=&#8221;1452&#8243; custom_padding=&#8221;0|0px|0|0px|false|false&#8221; _builder_version=&#8221;3.0.48&#8243; background_size=&#8221;initial&#8221; background_position=&#8221;top_left&#8221; background_repeat=&#8221;repeat&#8221;][et_pb_column type=&#8221;1_4&#8243;][et_pb_text global_parent=&#8221;1452&#8243; _builder_version=&#8221;3.19.7&#8243; text_font=&#8221;Arya|700|||||||&#8221; text_text_color=&#8221;#0c71c3&#8243; text_font_size=&#8221;37px&#8221; text_line_height=&#8221;1.2em&#8221; custom_margin=&#8221;43px||&#8221;]<\/p>\n<p>Empresas<br \/>\ndo Grupo<br \/>\nThais M\u00f3veis<\/p>\n<p>[\/et_pb_text][\/et_pb_column][et_pb_column type=&#8221;1_4&#8243;][et_pb_image global_parent=&#8221;1452&#8243; src=&#8221;http:\/\/www.thaismoveis.com.br\/wp-content\/uploads\/2019\/08\/mayarag.jpg&#8221; _builder_version=&#8221;3.19.7&#8243; url=&#8221;http:\/\/www.thaismoveis.com.br\/index.php\/mayara-moveis\/&#8221; url_new_window=&#8221;on&#8221; \/][\/et_pb_column][et_pb_column type=&#8221;1_4&#8243;][et_pb_image global_parent=&#8221;1452&#8243; src=&#8221;http:\/\/www.thaismoveis.com.br\/wp-content\/uploads\/2019\/08\/thaismo.jpg&#8221; _builder_version=&#8221;3.19.7&#8243; \/][\/et_pb_column][et_pb_column type=&#8221;1_4&#8243;][et_pb_image global_parent=&#8221;1452&#8243; src=&#8221;http:\/\/www.thaismoveis.com.br\/wp-content\/uploads\/2019\/08\/sleepc.jpg&#8221; _builder_version=&#8221;3.19.7&#8243; max_width=&#8221;85%&#8221; url=&#8221;http:\/\/www.thaismoveis.com.br\/index.php\/sleep-colchoes\/&#8221; url_new_window=&#8221;on&#8221; \/][\/et_pb_column][\/et_pb_row][\/et_pb_section]<\/p>\n","protected":false},"excerpt":{"rendered":"<p>[et_pb_section bb_built=&#8221;1&#8243; fullwidth=&#8221;on&#8221; disabled_on=&#8221;on||&#8221; _builder_version=&#8221;3.19.7&#8243; custom_padding=&#8221;0px|0px|0|0px|false|false&#8221; next_background_color=&#8221;#000000&#8243;][et_pb_fullwidth_slider show_pagination=&#8221;off&#8221; _builder_version=&#8221;3.19.7&#8243; header_level=&#8221;h1&#8243; header_text_align=&#8221;center&#8221; header_font_size=&#8221;60&#8243; custom_padding=&#8221;406px||406px||true&#8221; auto=&#8221;on&#8221; auto_speed=&#8221;3600&#8243; auto_ignore_hover=&#8221;on&#8221;][et_pb_slide heading=&#8221;Conjunto Safira&#8221; button_text=&#8221;Ver mais&#8221; button_link=&#8221;http:\/\/www.thaismoveis.com.br\/index.php\/project\/conjuntosafira\/&#8221; use_bg_overlay=&#8221;on&#8221; bg_overlay_color=&#8221;rgba(0,0,0,0.15)&#8221; use_text_overlay=&#8221;off&#8221; _builder_version=&#8221;3.19.7&#8243; background_image=&#8221;http:\/\/www.thaismoveis.com.br\/wp-content\/uploads\/2019\/05\/thaismoveis_DSC_9208_JuliaoMatos.jpg&#8221; button_on_hover=&#8221;on&#8221; link_option_url=&#8221;http:\/\/www.thaismoveis.com.br\/index.php\/project\/conjuntosafira\/&#8221;][\/et_pb_slide][et_pb_slide heading=&#8221;Cama Solteiro 1093&#8243; button_text=&#8221;Ver mais&#8221; button_link=&#8221;http:\/\/www.thaismoveis.com.br\/index.php\/project\/cama-solteiro-ref-1093\/&#8221; use_bg_overlay=&#8221;on&#8221; bg_overlay_color=&#8221;rgba(0,0,0,0.15)&#8221; use_text_overlay=&#8221;off&#8221; _builder_version=&#8221;3.19.7&#8243; background_image=&#8221;http:\/\/www.thaismoveis.com.br\/wp-content\/uploads\/2019\/05\/thaismoveis_DSC_9370_JuliaoMatos.jpg&#8221; button_on_hover=&#8221;on&#8221; link_option_url=&#8221;http:\/\/www.thaismoveis.com.br\/index.php\/project\/cama-solteiro-ref-1093\/&#8221;][\/et_pb_slide][et_pb_slide heading=&#8221;Conjunto \u00c1rea Sof\u00e1 Tubular 5003&#8243; button_text=&#8221;Ver mais&#8221; button_link=&#8221;http:\/\/www.thaismoveis.com.br\/index.php\/project\/conjunto-area-sofa-tubular-ref-5003\/&#8221; use_bg_overlay=&#8221;on&#8221; bg_overlay_color=&#8221;rgba(0,0,0,0.15)&#8221; use_text_overlay=&#8221;off&#8221; _builder_version=&#8221;3.19.7&#8243; background_image=&#8221;http:\/\/www.thaismoveis.com.br\/wp-content\/uploads\/2019\/05\/thaismoveis_DSC_9331_JuliaoMatos.jpg&#8221; button_on_hover=&#8221;on&#8221; [&hellip;]<\/p>\n","protected":false},"author":1,"featured_media":0,"parent":0,"menu_order":0,"comment_status":"closed","ping_status":"closed","template":"","meta":{"_et_pb_use_builder":"on","_et_pb_old_content":"","footnotes":""},"class_list":["post-44","page","type-page","status-publish","hentry"],"_links":{"self":[{"href":"https:\/\/thaismoveis.com.br\/index.php\/wp-json\/wp\/v2\/pages\/44","targetHints":{"allow":["GET"]}}],"collection":[{"href":"https:\/\/thaismoveis.com.br\/index.php\/wp-json\/wp\/v2\/pages"}],"about":[{"href":"https:\/\/thaismoveis.com.br\/index.php\/wp-json\/wp\/v2\/types\/page"}],"author":[{"embeddable":true,"href":"https:\/\/thaismoveis.com.br\/index.php\/wp-json\/wp\/v2\/users\/1"}],"replies":[{"embeddable":true,"href":"https:\/\/thaismoveis.com.br\/index.php\/wp-json\/wp\/v2\/comments?post=44"}],"version-history":[{"count":72,"href":"https:\/\/thaismoveis.com.br\/index.php\/wp-json\/wp\/v2\/pages\/44\/revisions"}],"predecessor-version":[{"id":1478,"href":"https:\/\/thaismoveis.com.br\/index.php\/wp-json\/wp\/v2\/pages\/44\/revisions\/1478"}],"wp:attachment":[{"href":"https:\/\/thaismoveis.com.br\/index.php\/wp-json\/wp\/v2\/media?parent=44"}],"curies":[{"name":"wp","href":"https:\/\/api.w.org\/{rel}","templated":true}]}}