{"id":128,"date":"2019-05-22T16:45:15","date_gmt":"2019-05-22T19:45:15","guid":{"rendered":"http:\/\/www.thaismoveis.com.br\/?page_id=128"},"modified":"2019-06-18T10:05:38","modified_gmt":"2019-06-18T13:05:38","slug":"quem-somos","status":"publish","type":"page","link":"https:\/\/thaismoveis.com.br\/index.php\/quem-somos\/","title":{"rendered":"Quem somos"},"content":{"rendered":"<p>[et_pb_section bb_built=&#8221;1&#8243; fullwidth=&#8221;on&#8221; _builder_version=&#8221;3.0.47&#8243; custom_padding=&#8221;0|0px|0|0px|false|false&#8221; next_background_color=&#8221;#a4c2db&#8221;][et_pb_fullwidth_header title=&#8221;Conhe\u00e7a Thais M\u00f3veis&#8221; _builder_version=&#8221;3.19.7&#8243; title_font=&#8221;||||||||&#8221; title_font_size=&#8221;57px&#8221; background_image=&#8221;http:\/\/www.thaismoveis.com.br\/wp-content\/uploads\/2019\/05\/DSC_9562_Juliao-Matos.jpg&#8221; background_blend=&#8221;multiply&#8221; custom_margin=&#8221;||-48px&#8221; custom_padding=&#8221;151px||&#8221;]<\/p>\n<p>[\/et_pb_fullwidth_header][\/et_pb_section][et_pb_section bb_built=&#8221;1&#8243; _builder_version=&#8221;3.19.7&#8243; prev_background_color=&#8221;#ffffff&#8221; background_color=&#8221;#a4c2db&#8221;][et_pb_row _builder_version=&#8221;3.0.48&#8243; background_size=&#8221;initial&#8221; background_position=&#8221;top_left&#8221; background_repeat=&#8221;repeat&#8221;][et_pb_column type=&#8221;3_5&#8243;][et_pb_text _builder_version=&#8221;3.19.7&#8243; text_font_size=&#8221;17px&#8221; text_line_height=&#8221;1.8em&#8221;]<\/p>\n<p>Criada em 1996, tendo como s\u00f3cios fundadores dois irm\u00e3os, a Thais M\u00f3veis Tubulares sempre acreditou que poderia ser a refer\u00eancia no segmento de m\u00f3veis tubulares no Cear\u00e1, fabricando produtos com baixo custo, de pre\u00e7o justo e competitivo no mercado.<\/p>\n<p>Sua atua\u00e7\u00e3o no in\u00edcio era exclusivamente a fabrica\u00e7\u00e3o de m\u00f3veis tubulares.<\/p>\n<p>A vis\u00e3o empresarial dos irm\u00e3os identificou oportunidade de incluir no mercado uma nova linha de produtos. Em 2004 a Thais M\u00f3veis Tubulares cresceu e foi criada a empresa: Mayara M\u00f3veis Tubulares e Espumas, agora fabricando tamb\u00e9m estofadas e poltronas, formando assim o Grupo Thais M\u00f3veis.<\/p>\n<p>Em 2019, com um parque industrial de mais de 10.000m\u00b2 e com mais de 100 colaboradores diretos e indiretos, o agora Grupo Thais M\u00f3veis recebe mais uma empresa, que em pouco tempo ser\u00e1 forte no segmento de Espumas e Colch\u00f5es, a Sleep Colch\u00f5es, que fabricar\u00e1 colch\u00f5es de espumas e de molas para atender uma antiga necessidade do mercado.<\/p>\n<p>O Grupo Thais M\u00f3veis a cada dia conquista seu espa\u00e7o no mercado, se consolidando no segmento moveleiro no Estado do Cear\u00e1 e abrindo novos horizontes no Nordeste Brasileiro, principalmente nos Estados do Maranh\u00e3o e Piau\u00ed.<\/p>\n<h3>Miss\u00e3o<\/h3>\n<p>Buscar a cada dia melhorar em todos os processos produtivos e pessoais, para que assim, possamos aperfei\u00e7oar juntamente com os nossos colaboradores, a produ\u00e7\u00e3o e comercializa\u00e7\u00e3o de nossos produtos &#8211; M\u00f3veis Tubulares e Estofados -, sempre buscando uma maior efici\u00eancia e qualidade, de acordo com todas as exig\u00eancias obrigat\u00f3rias, tornando nossos clientes mais satisfeitos e fi\u00e9is.<\/p>\n<h3>Vis\u00e3o<\/h3>\n<p>Ser refer\u00eancia em nosso mercado de atua\u00e7\u00e3o e se expandir para toda a regi\u00e3o Nordeste, sempre com o pensamento de satisfazer as necessidades de nossos colaboradores, clientes e fornecedores da forma mais eficaz poss\u00edvel.<\/p>\n<h3>Valores<\/h3>\n<p>Confiabilidade<br \/> \u00c9tica<br \/> Inova\u00e7\u00e3o<br \/> Responsabilidade<br \/> Seguran\u00e7a<br \/> Sustentabilidade<\/p>\n<p>[\/et_pb_text][et_pb_divider show_divider=&#8221;off&#8221; height=&#8221;47px&#8221; _builder_version=&#8221;3.19.7&#8243;]<\/p>\n<p>[\/et_pb_divider][\/et_pb_column][et_pb_column type=&#8221;2_5&#8243;][et_pb_image src=&#8221;http:\/\/www.thaismoveis.com.br\/wp-content\/uploads\/2019\/05\/thaismoveis_DSC_9292_JuliaoMatos.jpg&#8221; _builder_version=&#8221;3.19.7&#8243;]<\/p>\n<p>[\/et_pb_image][et_pb_image src=&#8221;http:\/\/www.thaismoveis.com.br\/wp-content\/uploads\/2019\/06\/DSC_9562_Juliao-Matos.jpg&#8221; _builder_version=&#8221;3.19.7&#8243;]<\/p>\n<p>[\/et_pb_image][et_pb_image src=&#8221;http:\/\/www.thaismoveis.com.br\/wp-content\/uploads\/2019\/06\/thaismoveis_DSC_9331_JuliaoMatos-1.jpg&#8221; _builder_version=&#8221;3.19.7&#8243;]<\/p>\n<p>[\/et_pb_image][\/et_pb_column][\/et_pb_row][\/et_pb_section]<\/p>\n","protected":false},"excerpt":{"rendered":"<p>[et_pb_section bb_built=&#8221;1&#8243; fullwidth=&#8221;on&#8221; _builder_version=&#8221;3.0.47&#8243; custom_padding=&#8221;0|0px|0|0px|false|false&#8221; next_background_color=&#8221;#a4c2db&#8221;][et_pb_fullwidth_header title=&#8221;Conhe\u00e7a Thais M\u00f3veis&#8221; _builder_version=&#8221;3.19.7&#8243; title_font=&#8221;||||||||&#8221; title_font_size=&#8221;57px&#8221; background_image=&#8221;http:\/\/www.thaismoveis.com.br\/wp-content\/uploads\/2019\/05\/DSC_9562_Juliao-Matos.jpg&#8221; background_blend=&#8221;multiply&#8221; custom_margin=&#8221;||-48px&#8221; custom_padding=&#8221;151px||&#8221;] [\/et_pb_fullwidth_header][\/et_pb_section][et_pb_section bb_built=&#8221;1&#8243; _builder_version=&#8221;3.19.7&#8243; prev_background_color=&#8221;#ffffff&#8221; background_color=&#8221;#a4c2db&#8221;][et_pb_row _builder_version=&#8221;3.0.48&#8243; background_size=&#8221;initial&#8221; background_position=&#8221;top_left&#8221; background_repeat=&#8221;repeat&#8221;][et_pb_column type=&#8221;3_5&#8243;][et_pb_text _builder_version=&#8221;3.19.7&#8243; text_font_size=&#8221;17px&#8221; text_line_height=&#8221;1.8em&#8221;] Criada em 1996, tendo como s\u00f3cios fundadores dois irm\u00e3os, a Thais M\u00f3veis Tubulares sempre acreditou que poderia ser a refer\u00eancia no segmento de m\u00f3veis tubulares no [&hellip;]<\/p>\n","protected":false},"author":1,"featured_media":0,"parent":0,"menu_order":0,"comment_status":"closed","ping_status":"closed","template":"","meta":{"_et_pb_use_builder":"on","_et_pb_old_content":"","footnotes":""},"class_list":["post-128","page","type-page","status-publish","hentry"],"_links":{"self":[{"href":"https:\/\/thaismoveis.com.br\/index.php\/wp-json\/wp\/v2\/pages\/128","targetHints":{"allow":["GET"]}}],"collection":[{"href":"https:\/\/thaismoveis.com.br\/index.php\/wp-json\/wp\/v2\/pages"}],"about":[{"href":"https:\/\/thaismoveis.com.br\/index.php\/wp-json\/wp\/v2\/types\/page"}],"author":[{"embeddable":true,"href":"https:\/\/thaismoveis.com.br\/index.php\/wp-json\/wp\/v2\/users\/1"}],"replies":[{"embeddable":true,"href":"https:\/\/thaismoveis.com.br\/index.php\/wp-json\/wp\/v2\/comments?post=128"}],"version-history":[{"count":23,"href":"https:\/\/thaismoveis.com.br\/index.php\/wp-json\/wp\/v2\/pages\/128\/revisions"}],"predecessor-version":[{"id":699,"href":"https:\/\/thaismoveis.com.br\/index.php\/wp-json\/wp\/v2\/pages\/128\/revisions\/699"}],"wp:attachment":[{"href":"https:\/\/thaismoveis.com.br\/index.php\/wp-json\/wp\/v2\/media?parent=128"}],"curies":[{"name":"wp","href":"https:\/\/api.w.org\/{rel}","templated":true}]}}